{"id":11,"date":"2020-07-14T14:17:55","date_gmt":"2020-07-14T14:17:55","guid":{"rendered":"https:\/\/autos-24.pl\/?page_id=11"},"modified":"2020-07-16T09:16:57","modified_gmt":"2020-07-16T09:16:57","slug":"autoholowanie","status":"publish","type":"page","link":"https:\/\/autos-24.pl\/?page_id=11","title":{"rendered":"Autoholowanie"},"content":{"rendered":"<!--[html]--><style><\/style><div class=\"bd-tagstyles  additional-class-1709046976 \"><div class=\"bd-container-inner bd-content-element\"><!--{content}--><p><strong>WITAM.<\/strong><\/p>\n<p><br \/>PRZEWIOZ\u0118 USZKODZONE NIESPRAWNE LUB NIEZAREJESTROWANE AUTO, A TAK\u017bE TRAKTORY, MASZYNY ROLNICZE ORAZ INNY SPRZ\u0118T I TOWAR. TRANSPORT DO TRZECH AUT PO KRAJU I NA TERENIE EUROPY. ISTNIEJE MO\u017bLIWO\u015a\u0106 WYPO\u017bYCZENIA HOLOWNIKA.<br \/>TRANSPORT UBEZPIECZONY - OC PRZEWO\u0179NIKA.<\/p>\n<h3><strong>STAWKI NIEWYG\u00d3ROWANE<\/strong><\/h3>\n<p>PONADTO POSIADAM AUTA ZAST\u0118PCZE BEZP\u0141ATNIE Z OC SPRAWCY KOLIZJI ORAZ WYPO\u017bYCZALNI\u0118 AUT - BARDZO SZEROKI ICH WACHLARZ.<\/p>\n<p><br \/>\u00a0Kontakt tel.\u00a0\u00a0<b>603-125-854<\/b>\u00a0<\/p>\n\n<!-- wp:paragraph -->\n<p><\/p>\n<!-- \/wp:paragraph --><!--{\/content}--><\/div><\/div><!--[\/html]-->\n","protected":false},"excerpt":{"rendered":"","protected":false},"author":1,"featured_media":19,"parent":0,"menu_order":0,"comment_status":"closed","ping_status":"closed","template":"","meta":{"ngg_post_thumbnail":0,"footnotes":""},"class_list":["post-11","page","type-page","status-publish","has-post-thumbnail","hentry"],"_links":{"self":[{"href":"https:\/\/autos-24.pl\/index.php?rest_route=\/wp\/v2\/pages\/11","targetHints":{"allow":["GET"]}}],"collection":[{"href":"https:\/\/autos-24.pl\/index.php?rest_route=\/wp\/v2\/pages"}],"about":[{"href":"https:\/\/autos-24.pl\/index.php?rest_route=\/wp\/v2\/types\/page"}],"author":[{"embeddable":true,"href":"https:\/\/autos-24.pl\/index.php?rest_route=\/wp\/v2\/users\/1"}],"replies":[{"embeddable":true,"href":"https:\/\/autos-24.pl\/index.php?rest_route=%2Fwp%2Fv2%2Fcomments&post=11"}],"version-history":[{"count":10,"href":"https:\/\/autos-24.pl\/index.php?rest_route=\/wp\/v2\/pages\/11\/revisions"}],"predecessor-version":[{"id":44,"href":"https:\/\/autos-24.pl\/index.php?rest_route=\/wp\/v2\/pages\/11\/revisions\/44"}],"wp:featuredmedia":[{"embeddable":true,"href":"https:\/\/autos-24.pl\/index.php?rest_route=\/wp\/v2\/media\/19"}],"wp:attachment":[{"href":"https:\/\/autos-24.pl\/index.php?rest_route=%2Fwp%2Fv2%2Fmedia&parent=11"}],"curies":[{"name":"wp","href":"https:\/\/api.w.org\/{rel}","templated":true}]}}