{"id":7,"date":"2020-07-14T12:35:53","date_gmt":"2020-07-14T12:35:53","guid":{"rendered":"https:\/\/autos-24.pl\/?page_id=7"},"modified":"2023-01-26T13:42:36","modified_gmt":"2023-01-26T13:42:36","slug":"wynajem-samochodow-ostroleka","status":"publish","type":"page","link":"https:\/\/autos-24.pl\/?page_id=7","title":{"rendered":"Wynajem Samochod\u00f3w Ostro\u0142\u0119ka"},"content":{"rendered":"<!--[html]--><style><\/style><div class=\"bd-tagstyles  additional-class-958806294 \"><div class=\"bd-container-inner bd-content-element\"><!--{content}--><!-- wp:paragraph -->\n<p><strong>Witam.<\/strong><\/p>\n<!-- \/wp:paragraph -->\n\n<!-- wp:paragraph -->\n<p>Posiadam do :<br>-&nbsp;&nbsp;wypo\u017cyczenia<br>-&nbsp;&nbsp;do przekazania jako auto zast\u0119pcze dla poszkodowanych uczestnik\u00f3w zdarze\u0144 drogowych (w\u00f3wczas nieodp\u0142atnie)<br>pe\u0142n\u0105 gam\u0119 samochod\u00f3w osobowych. Pocz\u0105wszy od najmniejszych ma\u0142olitra\u017cowych poprzez auta o nadwoziu sedan, kombi do najwi\u0119kszych aut VAN i SUV.<br>W ofercie r\u00f3wnie\u017c egzemplarz sam. Fiat Panda przystosowany do&nbsp;&nbsp;nauki jazdy jako auto \"L\"-ka.<\/p>\n<!-- \/wp:paragraph -->\n\n<!-- wp:paragraph -->\n<p>Prowadz\u0119 r\u00f3wnie\u017c obs\u0142ug\u0119 zdarze\u0144 drogowych tj. holowanie z miejsca zdarzenia, parkowanie uszkodzonego pojazdu wypo\u017cyczalni\u0119 aut zast\u0119pczych - w przypadku poszkodowanych odbywa si\u0119 to bezgot\u00f3wkowo - nieodp\u0142atnie.<\/p>\n<!-- \/wp:paragraph -->\n\n<!-- wp:paragraph {\"align\":\"center\",\"fontSize\":\"large\"} -->\n<p class=\"has-text-align-center has-large-font-size\"><strong>Segment A, B<\/strong><\/p>\n<!-- \/wp:paragraph -->\n\n<!-- wp:imagely\/nextgen-gallery -->\n<!-- default-view.php -->\n<div\n\tclass=\"ngg-galleryoverview default-view \"\n\tid=\"ngg-gallery-b770b9cd7e2816688cf9088de357d833-1\">\n\n\t\t<!-- Thumbnails -->\n\t\t\t\t<div id=\"ngg-image-0\" class=\"ngg-gallery-thumbnail-box \" >\n\t\t\t\t        <div class=\"ngg-gallery-thumbnail\">\n            <a href=\"https:\/\/autos-24.pl\/wp-content\/gallery\/segment-a\/126071681_1841316992674526_3750366465848080156_n.jpg\"\n               title=\"\"\n               data-src=\"https:\/\/autos-24.pl\/wp-content\/gallery\/segment-a\/126071681_1841316992674526_3750366465848080156_n.jpg\"\n               data-thumbnail=\"https:\/\/autos-24.pl\/wp-content\/gallery\/segment-a\/thumbs\/thumbs_126071681_1841316992674526_3750366465848080156_n.jpg\"\n               data-image-id=\"5\"\n               data-title=\"126071681_1841316992674526_3750366465848080156_n\"\n               data-description=\"\"\n               data-image-slug=\"126071681_1841316992674526_3750366465848080156_n\"\n               class=\"ngg-simplelightbox\" rel=\"b770b9cd7e2816688cf9088de357d833\">\n                <img\n                    title=\"126071681_1841316992674526_3750366465848080156_n\"\n                    alt=\"126071681_1841316992674526_3750366465848080156_n\"\n                    src=\"https:\/\/autos-24.pl\/wp-content\/gallery\/segment-a\/thumbs\/thumbs_126071681_1841316992674526_3750366465848080156_n.jpg\"\n                    width=\"240\"\n                    height=\"160\"\n                    style=\"max-width:100%;\"\n                \/>\n            <\/a>\n        <\/div>\n\t\t\t\t\t\t\t<\/div> \n\t\t\t\n\t\n\t<br style=\"clear: both\" \/>\n\n\t\n\t\t<!-- Pagination -->\n\t<div class='ngg-clear'><\/div>\t<\/div>\n\n<!-- \/wp:imagely\/nextgen-gallery -->\n\n<!-- wp:paragraph {\"align\":\"center\",\"fontSize\":\"large\"} -->\n<p class=\"has-text-align-center has-large-font-size\"><strong>Segment C<\/strong><\/p>\n<!-- \/wp:paragraph -->\n\n<!-- wp:imagely\/nextgen-gallery -->\n<!-- default-view.php -->\n<div\n\tclass=\"ngg-galleryoverview default-view \"\n\tid=\"ngg-gallery-47a47258e455dfca457a121ced236c40-1\">\n\n\t\t<!-- Thumbnails -->\n\t\t\t\t<div id=\"ngg-image-0\" class=\"ngg-gallery-thumbnail-box \" >\n\t\t\t\t        <div class=\"ngg-gallery-thumbnail\">\n            <a href=\"https:\/\/autos-24.pl\/wp-content\/gallery\/segmentc\/122150892_774784806677344_3023484529597205232_n.jpg\"\n               title=\"\"\n               data-src=\"https:\/\/autos-24.pl\/wp-content\/gallery\/segmentc\/122150892_774784806677344_3023484529597205232_n.jpg\"\n               data-thumbnail=\"https:\/\/autos-24.pl\/wp-content\/gallery\/segmentc\/thumbs\/thumbs_122150892_774784806677344_3023484529597205232_n.jpg\"\n               data-image-id=\"3\"\n               data-title=\"122150892_774784806677344_3023484529597205232_n\"\n               data-description=\"\"\n               data-image-slug=\"122150892_774784806677344_3023484529597205232_n\"\n               class=\"ngg-simplelightbox\" rel=\"47a47258e455dfca457a121ced236c40\">\n                <img\n                    title=\"122150892_774784806677344_3023484529597205232_n\"\n                    alt=\"122150892_774784806677344_3023484529597205232_n\"\n                    src=\"https:\/\/autos-24.pl\/wp-content\/gallery\/segmentc\/thumbs\/thumbs_122150892_774784806677344_3023484529597205232_n.jpg\"\n                    width=\"240\"\n                    height=\"160\"\n                    style=\"max-width:100%;\"\n                \/>\n            <\/a>\n        <\/div>\n\t\t\t\t\t\t\t<\/div> \n\t\t\t\n\t\n\t<br style=\"clear: both\" \/>\n\n\t\n\t\t<!-- Pagination -->\n\t<div class='ngg-clear'><\/div>\t<\/div>\n\n<!-- \/wp:imagely\/nextgen-gallery -->\n\n<!-- wp:paragraph {\"align\":\"center\",\"fontSize\":\"large\"} -->\n<p class=\"has-text-align-center has-large-font-size\"><strong>Segment D<\/strong><\/p>\n<!-- \/wp:paragraph -->\n\n<!-- wp:imagely\/nextgen-gallery -->\n<!-- default-view.php -->\n<div\n\tclass=\"ngg-galleryoverview default-view \"\n\tid=\"ngg-gallery-28a3db92cdbd5417375f842d9e9083a6-1\">\n\n\t\t<!-- Thumbnails -->\n\t\t\t\t<div id=\"ngg-image-0\" class=\"ngg-gallery-thumbnail-box \" >\n\t\t\t\t        <div class=\"ngg-gallery-thumbnail\">\n            <a href=\"https:\/\/autos-24.pl\/wp-content\/gallery\/segment-dd\/P63__20151219_141323.JPG\"\n               title=\"\"\n               data-src=\"https:\/\/autos-24.pl\/wp-content\/gallery\/segment-dd\/P63__20151219_141323.JPG\"\n               data-thumbnail=\"https:\/\/autos-24.pl\/wp-content\/gallery\/segment-dd\/thumbs\/thumbs_P63__20151219_141323.JPG\"\n               data-image-id=\"6\"\n               data-title=\"P63__20151219_141323\"\n               data-description=\"\"\n               data-image-slug=\"p63__20151219_141323\"\n               class=\"ngg-simplelightbox\" rel=\"28a3db92cdbd5417375f842d9e9083a6\">\n                <img\n                    title=\"P63__20151219_141323\"\n                    alt=\"P63__20151219_141323\"\n                    src=\"https:\/\/autos-24.pl\/wp-content\/gallery\/segment-dd\/thumbs\/thumbs_P63__20151219_141323.JPG\"\n                    width=\"240\"\n                    height=\"160\"\n                    style=\"max-width:100%;\"\n                \/>\n            <\/a>\n        <\/div>\n\t\t\t\t\t\t\t<\/div> \n\t\t\t\n\t\t\t\t<div id=\"ngg-image-1\" class=\"ngg-gallery-thumbnail-box \" >\n\t\t\t\t        <div class=\"ngg-gallery-thumbnail\">\n            <a href=\"https:\/\/autos-24.pl\/wp-content\/gallery\/segment-dd\/passat.JPG\"\n               title=\"\"\n               data-src=\"https:\/\/autos-24.pl\/wp-content\/gallery\/segment-dd\/passat.JPG\"\n               data-thumbnail=\"https:\/\/autos-24.pl\/wp-content\/gallery\/segment-dd\/thumbs\/thumbs_passat.JPG\"\n               data-image-id=\"7\"\n               data-title=\"passat\"\n               data-description=\"\"\n               data-image-slug=\"passat\"\n               class=\"ngg-simplelightbox\" rel=\"28a3db92cdbd5417375f842d9e9083a6\">\n                <img\n                    title=\"passat\"\n                    alt=\"passat\"\n                    src=\"https:\/\/autos-24.pl\/wp-content\/gallery\/segment-dd\/thumbs\/thumbs_passat.JPG\"\n                    width=\"240\"\n                    height=\"160\"\n                    style=\"max-width:100%;\"\n                \/>\n            <\/a>\n        <\/div>\n\t\t\t\t\t\t\t<\/div> \n\t\t\t\n\t\t\t\t<div id=\"ngg-image-2\" class=\"ngg-gallery-thumbnail-box \" >\n\t\t\t\t        <div class=\"ngg-gallery-thumbnail\">\n            <a href=\"https:\/\/autos-24.pl\/wp-content\/gallery\/segment-dd\/autos__20151219_141151.JPG\"\n               title=\"\"\n               data-src=\"https:\/\/autos-24.pl\/wp-content\/gallery\/segment-dd\/autos__20151219_141151.JPG\"\n               data-thumbnail=\"https:\/\/autos-24.pl\/wp-content\/gallery\/segment-dd\/thumbs\/thumbs_autos__20151219_141151.JPG\"\n               data-image-id=\"8\"\n               data-title=\"autos__20151219_141151\"\n               data-description=\"\"\n               data-image-slug=\"autos__20151219_141151\"\n               class=\"ngg-simplelightbox\" rel=\"28a3db92cdbd5417375f842d9e9083a6\">\n                <img\n                    title=\"autos__20151219_141151\"\n                    alt=\"autos__20151219_141151\"\n                    src=\"https:\/\/autos-24.pl\/wp-content\/gallery\/segment-dd\/thumbs\/thumbs_autos__20151219_141151.JPG\"\n                    width=\"240\"\n                    height=\"160\"\n                    style=\"max-width:100%;\"\n                \/>\n            <\/a>\n        <\/div>\n\t\t\t\t\t\t\t<\/div> \n\t\t\t\n\t\n\t<br style=\"clear: both\" \/>\n\n\t\n\t\t<!-- Pagination -->\n\t<div class='ngg-clear'><\/div>\t<\/div>\n\n<!-- \/wp:imagely\/nextgen-gallery -->\n\n<!-- wp:paragraph {\"align\":\"center\",\"fontSize\":\"large\"} -->\n<p class=\"has-text-align-center has-large-font-size\"><strong>Van 7 os\u00f3b<\/strong><\/p>\n<!-- \/wp:paragraph -->\n\n<!-- wp:imagely\/nextgen-gallery -->\n<!-- default-view.php -->\n<div\n\tclass=\"ngg-galleryoverview default-view \"\n\tid=\"ngg-gallery-c14449b3e866e6662c12a999e97a1535-1\">\n\n\t\t<!-- Thumbnails -->\n\t\t\t\t<div id=\"ngg-image-0\" class=\"ngg-gallery-thumbnail-box \" >\n\t\t\t\t        <div class=\"ngg-gallery-thumbnail\">\n            <a href=\"https:\/\/autos-24.pl\/wp-content\/gallery\/1\/120200489_336170410826522_935601311974978336_n.jpg\"\n               title=\"\"\n               data-src=\"https:\/\/autos-24.pl\/wp-content\/gallery\/1\/120200489_336170410826522_935601311974978336_n.jpg\"\n               data-thumbnail=\"https:\/\/autos-24.pl\/wp-content\/gallery\/1\/thumbs\/thumbs_120200489_336170410826522_935601311974978336_n.jpg\"\n               data-image-id=\"1\"\n               data-title=\"120200489_336170410826522_935601311974978336_n\"\n               data-description=\"\"\n               data-image-slug=\"120200489_336170410826522_935601311974978336_n\"\n               class=\"ngg-simplelightbox\" rel=\"c14449b3e866e6662c12a999e97a1535\">\n                <img\n                    title=\"120200489_336170410826522_935601311974978336_n\"\n                    alt=\"120200489_336170410826522_935601311974978336_n\"\n                    src=\"https:\/\/autos-24.pl\/wp-content\/gallery\/1\/thumbs\/thumbs_120200489_336170410826522_935601311974978336_n.jpg\"\n                    width=\"240\"\n                    height=\"160\"\n                    style=\"max-width:100%;\"\n                \/>\n            <\/a>\n        <\/div>\n\t\t\t\t\t\t\t<\/div> \n\t\t\t\n\t\t\t\t<div id=\"ngg-image-1\" class=\"ngg-gallery-thumbnail-box \" >\n\t\t\t\t        <div class=\"ngg-gallery-thumbnail\">\n            <a href=\"https:\/\/autos-24.pl\/wp-content\/gallery\/1\/120203958_1625609410946114_3698062555835338181_n.jpg\"\n               title=\"\"\n               data-src=\"https:\/\/autos-24.pl\/wp-content\/gallery\/1\/120203958_1625609410946114_3698062555835338181_n.jpg\"\n               data-thumbnail=\"https:\/\/autos-24.pl\/wp-content\/gallery\/1\/thumbs\/thumbs_120203958_1625609410946114_3698062555835338181_n.jpg\"\n               data-image-id=\"2\"\n               data-title=\"120203958_1625609410946114_3698062555835338181_n\"\n               data-description=\"\"\n               data-image-slug=\"120203958_1625609410946114_3698062555835338181_n\"\n               class=\"ngg-simplelightbox\" rel=\"c14449b3e866e6662c12a999e97a1535\">\n                <img\n                    title=\"120203958_1625609410946114_3698062555835338181_n\"\n                    alt=\"120203958_1625609410946114_3698062555835338181_n\"\n                    src=\"https:\/\/autos-24.pl\/wp-content\/gallery\/1\/thumbs\/thumbs_120203958_1625609410946114_3698062555835338181_n.jpg\"\n                    width=\"240\"\n                    height=\"160\"\n                    style=\"max-width:100%;\"\n                \/>\n            <\/a>\n        <\/div>\n\t\t\t\t\t\t\t<\/div> \n\t\t\t\n\t\n\t<br style=\"clear: both\" \/>\n\n\t\n\t\t<!-- Pagination -->\n\t<div class='ngg-clear'><\/div>\t<\/div>\n\n<!-- \/wp:imagely\/nextgen-gallery -->\n\n<!-- wp:paragraph {\"align\":\"center\",\"fontSize\":\"large\"} -->\n<p class=\"has-text-align-center has-large-font-size\"><strong>SUV<\/strong><\/p>\n<!-- \/wp:paragraph -->\n\n<!-- wp:imagely\/nextgen-gallery -->\n<!-- default-view.php -->\n<div\n\tclass=\"ngg-galleryoverview default-view \"\n\tid=\"ngg-gallery-5520a3f03e24be5c9e7422129b848f7d-1\">\n\n\t\t<!-- Thumbnails -->\n\t\t\t\t<div id=\"ngg-image-0\" class=\"ngg-gallery-thumbnail-box \" >\n\t\t\t\t        <div class=\"ngg-gallery-thumbnail\">\n            <a href=\"https:\/\/autos-24.pl\/wp-content\/gallery\/suv\/P63__IMG_20171228_135733.JPG\"\n               title=\"\"\n               data-src=\"https:\/\/autos-24.pl\/wp-content\/gallery\/suv\/P63__IMG_20171228_135733.JPG\"\n               data-thumbnail=\"https:\/\/autos-24.pl\/wp-content\/gallery\/suv\/thumbs\/thumbs_P63__IMG_20171228_135733.JPG\"\n               data-image-id=\"4\"\n               data-title=\"P63__IMG_20171228_135733\"\n               data-description=\"\"\n               data-image-slug=\"p63__img_20171228_135733\"\n               class=\"ngg-simplelightbox\" rel=\"5520a3f03e24be5c9e7422129b848f7d\">\n                <img\n                    title=\"P63__IMG_20171228_135733\"\n                    alt=\"P63__IMG_20171228_135733\"\n                    src=\"https:\/\/autos-24.pl\/wp-content\/gallery\/suv\/thumbs\/thumbs_P63__IMG_20171228_135733.JPG\"\n                    width=\"240\"\n                    height=\"160\"\n                    style=\"max-width:100%;\"\n                \/>\n            <\/a>\n        <\/div>\n\t\t\t\t\t\t\t<\/div> \n\t\t\t\n\t\t\t\t<div id=\"ngg-image-1\" class=\"ngg-gallery-thumbnail-box \" >\n\t\t\t\t        <div class=\"ngg-gallery-thumbnail\">\n            <a href=\"https:\/\/autos-24.pl\/wp-content\/gallery\/suv\/125220405_666391174065665_4409977041736595101_n.jpg\"\n               title=\"\"\n               data-src=\"https:\/\/autos-24.pl\/wp-content\/gallery\/suv\/125220405_666391174065665_4409977041736595101_n.jpg\"\n               data-thumbnail=\"https:\/\/autos-24.pl\/wp-content\/gallery\/suv\/thumbs\/thumbs_125220405_666391174065665_4409977041736595101_n.jpg\"\n               data-image-id=\"9\"\n               data-title=\"125220405_666391174065665_4409977041736595101_n\"\n               data-description=\"\"\n               data-image-slug=\"125220405_666391174065665_4409977041736595101_n\"\n               class=\"ngg-simplelightbox\" rel=\"5520a3f03e24be5c9e7422129b848f7d\">\n                <img\n                    title=\"125220405_666391174065665_4409977041736595101_n\"\n                    alt=\"125220405_666391174065665_4409977041736595101_n\"\n                    src=\"https:\/\/autos-24.pl\/wp-content\/gallery\/suv\/thumbs\/thumbs_125220405_666391174065665_4409977041736595101_n.jpg\"\n                    width=\"350\"\n                    height=\"220\"\n                    style=\"max-width:100%;\"\n                \/>\n            <\/a>\n        <\/div>\n\t\t\t\t\t\t\t<\/div> \n\t\t\t\n\t\n\t<br style=\"clear: both\" \/>\n\n\t\n\t\t<!-- Pagination -->\n\t<div class='ngg-clear'><\/div>\t<\/div>\n\n<!-- \/wp:imagely\/nextgen-gallery --><!--{\/content}--><\/div><\/div><!--[\/html]-->\n\n\n<figure class=\"wp-block-gallery has-nested-images columns-default is-cropped wp-block-gallery-1 is-layout-flex wp-block-gallery-is-layout-flex\">\n<figure class=\"wp-block-image size-large\"><img loading=\"lazy\" decoding=\"async\" width=\"1024\" height=\"461\" data-id=\"100\" src=\"https:\/\/autos-24.pl\/wp-content\/uploads\/2023\/01\/WhatsApp-Image-2023-01-26-at-14.35.43-1024x461.jpeg\" alt=\"\" class=\"wp-image-100\" srcset=\"https:\/\/autos-24.pl\/wp-content\/uploads\/2023\/01\/WhatsApp-Image-2023-01-26-at-14.35.43-1024x461.jpeg 1024w, https:\/\/autos-24.pl\/wp-content\/uploads\/2023\/01\/WhatsApp-Image-2023-01-26-at-14.35.43-300x135.jpeg 300w, https:\/\/autos-24.pl\/wp-content\/uploads\/2023\/01\/WhatsApp-Image-2023-01-26-at-14.35.43-768x346.jpeg 768w, https:\/\/autos-24.pl\/wp-content\/uploads\/2023\/01\/WhatsApp-Image-2023-01-26-at-14.35.43-1536x691.jpeg 1536w, https:\/\/autos-24.pl\/wp-content\/uploads\/2023\/01\/WhatsApp-Image-2023-01-26-at-14.35.43.jpeg 1600w\" sizes=\"auto, (max-width: 1024px) 100vw, 1024px\" \/><\/figure>\n\n\n\n<figure class=\"wp-block-image size-large\"><img loading=\"lazy\" decoding=\"async\" width=\"1024\" height=\"461\" data-id=\"101\" src=\"https:\/\/autos-24.pl\/wp-content\/uploads\/2023\/01\/WhatsApp-Image-2023-01-26-at-14.35.47-1024x461.jpeg\" alt=\"\" class=\"wp-image-101\" srcset=\"https:\/\/autos-24.pl\/wp-content\/uploads\/2023\/01\/WhatsApp-Image-2023-01-26-at-14.35.47-1024x461.jpeg 1024w, https:\/\/autos-24.pl\/wp-content\/uploads\/2023\/01\/WhatsApp-Image-2023-01-26-at-14.35.47-300x135.jpeg 300w, https:\/\/autos-24.pl\/wp-content\/uploads\/2023\/01\/WhatsApp-Image-2023-01-26-at-14.35.47-768x346.jpeg 768w, https:\/\/autos-24.pl\/wp-content\/uploads\/2023\/01\/WhatsApp-Image-2023-01-26-at-14.35.47-1536x691.jpeg 1536w, https:\/\/autos-24.pl\/wp-content\/uploads\/2023\/01\/WhatsApp-Image-2023-01-26-at-14.35.47.jpeg 1600w\" sizes=\"auto, (max-width: 1024px) 100vw, 1024px\" \/><\/figure>\n\n\n\n<figure class=\"wp-block-image size-large\"><img loading=\"lazy\" decoding=\"async\" width=\"1024\" height=\"461\" data-id=\"102\" src=\"https:\/\/autos-24.pl\/wp-content\/uploads\/2023\/01\/WhatsApp-Image-2023-01-26-at-14.35.48-\u2014-kopia-1024x461.jpeg\" alt=\"\" class=\"wp-image-102\" srcset=\"https:\/\/autos-24.pl\/wp-content\/uploads\/2023\/01\/WhatsApp-Image-2023-01-26-at-14.35.48-\u2014-kopia-1024x461.jpeg 1024w, https:\/\/autos-24.pl\/wp-content\/uploads\/2023\/01\/WhatsApp-Image-2023-01-26-at-14.35.48-\u2014-kopia-300x135.jpeg 300w, https:\/\/autos-24.pl\/wp-content\/uploads\/2023\/01\/WhatsApp-Image-2023-01-26-at-14.35.48-\u2014-kopia-768x346.jpeg 768w, https:\/\/autos-24.pl\/wp-content\/uploads\/2023\/01\/WhatsApp-Image-2023-01-26-at-14.35.48-\u2014-kopia-1536x691.jpeg 1536w, https:\/\/autos-24.pl\/wp-content\/uploads\/2023\/01\/WhatsApp-Image-2023-01-26-at-14.35.48-\u2014-kopia.jpeg 1600w\" sizes=\"auto, (max-width: 1024px) 100vw, 1024px\" \/><\/figure>\n\n\n\n<figure class=\"wp-block-image size-large\"><img loading=\"lazy\" decoding=\"async\" width=\"1024\" height=\"461\" data-id=\"103\" src=\"https:\/\/autos-24.pl\/wp-content\/uploads\/2023\/01\/WhatsApp-Image-2023-01-26-at-14.35.48-2-\u2014-kopia-1024x461.jpeg\" alt=\"\" class=\"wp-image-103\" srcset=\"https:\/\/autos-24.pl\/wp-content\/uploads\/2023\/01\/WhatsApp-Image-2023-01-26-at-14.35.48-2-\u2014-kopia-1024x461.jpeg 1024w, https:\/\/autos-24.pl\/wp-content\/uploads\/2023\/01\/WhatsApp-Image-2023-01-26-at-14.35.48-2-\u2014-kopia-300x135.jpeg 300w, https:\/\/autos-24.pl\/wp-content\/uploads\/2023\/01\/WhatsApp-Image-2023-01-26-at-14.35.48-2-\u2014-kopia-768x346.jpeg 768w, https:\/\/autos-24.pl\/wp-content\/uploads\/2023\/01\/WhatsApp-Image-2023-01-26-at-14.35.48-2-\u2014-kopia-1536x691.jpeg 1536w, https:\/\/autos-24.pl\/wp-content\/uploads\/2023\/01\/WhatsApp-Image-2023-01-26-at-14.35.48-2-\u2014-kopia.jpeg 1600w\" sizes=\"auto, (max-width: 1024px) 100vw, 1024px\" \/><\/figure>\n\n\n\n<figure class=\"wp-block-image size-large\"><img loading=\"lazy\" decoding=\"async\" width=\"1024\" height=\"461\" data-id=\"104\" src=\"https:\/\/autos-24.pl\/wp-content\/uploads\/2023\/01\/WhatsApp-Image-2023-01-26-at-14.35.49-1-\u2014-kopia-1024x461.jpeg\" alt=\"\" class=\"wp-image-104\" srcset=\"https:\/\/autos-24.pl\/wp-content\/uploads\/2023\/01\/WhatsApp-Image-2023-01-26-at-14.35.49-1-\u2014-kopia-1024x461.jpeg 1024w, https:\/\/autos-24.pl\/wp-content\/uploads\/2023\/01\/WhatsApp-Image-2023-01-26-at-14.35.49-1-\u2014-kopia-300x135.jpeg 300w, https:\/\/autos-24.pl\/wp-content\/uploads\/2023\/01\/WhatsApp-Image-2023-01-26-at-14.35.49-1-\u2014-kopia-768x346.jpeg 768w, https:\/\/autos-24.pl\/wp-content\/uploads\/2023\/01\/WhatsApp-Image-2023-01-26-at-14.35.49-1-\u2014-kopia-1536x691.jpeg 1536w, https:\/\/autos-24.pl\/wp-content\/uploads\/2023\/01\/WhatsApp-Image-2023-01-26-at-14.35.49-1-\u2014-kopia.jpeg 1600w\" sizes=\"auto, (max-width: 1024px) 100vw, 1024px\" \/><\/figure>\n<\/figure>\n","protected":false},"excerpt":{"rendered":"","protected":false},"author":1,"featured_media":72,"parent":0,"menu_order":0,"comment_status":"closed","ping_status":"closed","template":"","meta":{"ngg_post_thumbnail":0,"footnotes":""},"class_list":["post-7","page","type-page","status-publish","has-post-thumbnail","hentry"],"_links":{"self":[{"href":"https:\/\/autos-24.pl\/index.php?rest_route=\/wp\/v2\/pages\/7","targetHints":{"allow":["GET"]}}],"collection":[{"href":"https:\/\/autos-24.pl\/index.php?rest_route=\/wp\/v2\/pages"}],"about":[{"href":"https:\/\/autos-24.pl\/index.php?rest_route=\/wp\/v2\/types\/page"}],"author":[{"embeddable":true,"href":"https:\/\/autos-24.pl\/index.php?rest_route=\/wp\/v2\/users\/1"}],"replies":[{"embeddable":true,"href":"https:\/\/autos-24.pl\/index.php?rest_route=%2Fwp%2Fv2%2Fcomments&post=7"}],"version-history":[{"count":20,"href":"https:\/\/autos-24.pl\/index.php?rest_route=\/wp\/v2\/pages\/7\/revisions"}],"predecessor-version":[{"id":105,"href":"https:\/\/autos-24.pl\/index.php?rest_route=\/wp\/v2\/pages\/7\/revisions\/105"}],"wp:featuredmedia":[{"embeddable":true,"href":"https:\/\/autos-24.pl\/index.php?rest_route=\/wp\/v2\/media\/72"}],"wp:attachment":[{"href":"https:\/\/autos-24.pl\/index.php?rest_route=%2Fwp%2Fv2%2Fmedia&parent=7"}],"curies":[{"name":"wp","href":"https:\/\/api.w.org\/{rel}","templated":true}]}}